{"id":1155,"date":"2025-05-30T14:17:44","date_gmt":"2025-05-30T20:17:44","guid":{"rendered":"https:\/\/geomarketingalliances.com\/?post_type=product&#038;p=1155"},"modified":"2025-07-23T12:19:01","modified_gmt":"2025-07-23T18:19:01","slug":"creadores-ugc","status":"publish","type":"product","link":"https:\/\/geomarketingalliances.com\/en\/product\/creadores-ugc\/","title":{"rendered":"UGC Creators"},"content":{"rendered":"<p>includes:<\/p>\n<ul>\n<li>Script design (video salesman script)<\/li>\n<li>Hiring of the person who will make the video<\/li>\n<li>1 video with editing<\/li>\n<li>Campaign proposal for advertising launch<\/li>\n<li>\u00a01 trafficker for launching and monitoring the campaign for max 30 days<\/li>\n<\/ul>","protected":false},"excerpt":{"rendered":"<p>incluye: Dise\u00f1o de script (guion de video vendedor) Contrataci\u00f3n de persona que realizar\u00e1 el video 1 video con edici\u00f3n Propuesta de campa\u00f1a para lanzamiento de publicidad \u00a01 trafficker para lanzamiento y monitoreo de la campa\u00f1a durante max 30 d\u00edas<\/p>","protected":false},"featured_media":1352,"comment_status":"open","ping_status":"closed","template":"","meta":{"iawp_total_views":6},"product_brand":[],"product_cat":[32],"product_tag":[],"class_list":{"0":"post-1155","1":"product","2":"type-product","3":"status-publish","4":"has-post-thumbnail","6":"product_cat-creadores-ugc","8":"first","9":"instock","10":"virtual","11":"purchasable","12":"product-type-simple"},"_links":{"self":[{"href":"https:\/\/geomarketingalliances.com\/en\/wp-json\/wp\/v2\/product\/1155","targetHints":{"allow":["GET"]}}],"collection":[{"href":"https:\/\/geomarketingalliances.com\/en\/wp-json\/wp\/v2\/product"}],"about":[{"href":"https:\/\/geomarketingalliances.com\/en\/wp-json\/wp\/v2\/types\/product"}],"replies":[{"embeddable":true,"href":"https:\/\/geomarketingalliances.com\/en\/wp-json\/wp\/v2\/comments?post=1155"}],"version-history":[{"count":1,"href":"https:\/\/geomarketingalliances.com\/en\/wp-json\/wp\/v2\/product\/1155\/revisions"}],"predecessor-version":[{"id":1165,"href":"https:\/\/geomarketingalliances.com\/en\/wp-json\/wp\/v2\/product\/1155\/revisions\/1165"}],"wp:featuredmedia":[{"embeddable":true,"href":"https:\/\/geomarketingalliances.com\/en\/wp-json\/wp\/v2\/media\/1352"}],"wp:attachment":[{"href":"https:\/\/geomarketingalliances.com\/en\/wp-json\/wp\/v2\/media?parent=1155"}],"wp:term":[{"taxonomy":"product_brand","embeddable":true,"href":"https:\/\/geomarketingalliances.com\/en\/wp-json\/wp\/v2\/product_brand?post=1155"},{"taxonomy":"product_cat","embeddable":true,"href":"https:\/\/geomarketingalliances.com\/en\/wp-json\/wp\/v2\/product_cat?post=1155"},{"taxonomy":"product_tag","embeddable":true,"href":"https:\/\/geomarketingalliances.com\/en\/wp-json\/wp\/v2\/product_tag?post=1155"}],"curies":[{"name":"wp","href":"https:\/\/api.w.org\/{rel}","templated":true}]}}