{"id":1137,"date":"2025-05-30T14:17:43","date_gmt":"2025-05-30T20:17:43","guid":{"rendered":"https:\/\/geomarketingalliances.com\/?post_type=product&#038;p=1137"},"modified":"2025-07-23T12:11:22","modified_gmt":"2025-07-23T18:11:22","slug":"plan-profesional","status":"publish","type":"product","link":"https:\/\/geomarketingalliances.com\/en\/product\/plan-profesional\/","title":{"rendered":"Professional Plan"},"content":{"rendered":"<p><span data-sheets-root=\"1\" data-sheets-value=\"{&quot;1&quot;:2,&quot;2&quot;:&quot;*ESTE PLAN INCLUYE:nn&lt;ul&gt;nn &lt;li&gt;Una red social a elegir: Facebook, Twitter, Instagram, LinkedIN, Pinterest, Tiktok o Google my Business.&lt;\/li&gt;nn &lt;li&gt;Una publicaci\u00f3n diaria, basada en un plan de contenidos personalizado. Facebook 30 publicaciones al mes, Instagram 20 publicaciones al mes, Tiktok 4 tiktok\u00b4s (un posteo por semana), Twitter 20 publicaciones al mes, LinkedIn 20 publicaciones al mes, Pinterest 12 dise\u00f1os (3 posteos a la semana), Google my business 12 dise\u00f1os (3 posteos a la semana).&lt;\/li&gt;nn &lt;li&gt;(Facebook Lun a Dom. Instagram,Twitter , Linkedin de Lun a Vier, Pinterest y Google my business 3 publicaciones semanales)&lt;\/li&gt;nn &lt;li&gt;Dise\u00f1o en fotos y videos.&lt;\/li&gt;nn &lt;li&gt;Respuesta y seguimiento a comentarios.&lt;\/li&gt;nn &lt;li&gt;(Lun a Vier de 9:00 a 17:00 hrs (GMT-6)).&lt;\/li&gt;nn &lt;li&gt;Respuesta y seguimiento a inbox.&lt;\/li&gt;nn &lt;li&gt;(Lun a Vier de 9:00 a 17:00 hrs (GMT-6)).&lt;\/li&gt;nn &lt;li&gt;Reporte mensual de crecimiento.&lt;\/li&gt;nn &lt;li&gt;Propuesta mensual para campa\u00f1as pagadas.&lt;\/li&gt;nn &lt;li&gt;Un Agente asignado a tu negocio.&lt;\/li&gt;nn &lt;li&gt;Cancela cuando quieras.&lt;\/li&gt;nn&lt;\/ul&gt;nnEntrega:nnnnMismo d\u00eda de contrataci\u00f3n teniendo toda la informaci\u00f3n completa por parte del cliente. (Antes de las 14:00 hrs (GMT-6)).&quot;}\" data-sheets-userformat=\"{&quot;2&quot;:513,&quot;3&quot;:{&quot;1&quot;:0},&quot;12&quot;:0}\"><strong>*THIS PLAN INCLUDES<\/strong><br \/>\n<\/span><\/p>\n<ul>\n<li><strong>4 social networks<\/strong> to choose from: Facebook, Twitter, Instagram, LinkedIn, Pinterest or Google my Business<\/li>\n<li>Design in\u00a0<strong>photos<\/strong>\u00a0y\u00a0<strong>videos<\/strong>\u00a0(Design platform\u00a0<strong>Canva<\/strong>)<\/li>\n<li><strong>Reply<\/strong>\u00a0y\u00a0<strong>tracking<\/strong>\u00a0(Mon to Fri from 9:00 a.m. to 5:00 p.m. GTM-6)<\/li>\n<li><strong>Report<\/strong>\u00a0monthly of\u00a0<strong>growth<\/strong><\/li>\n<li><strong>Two proposals<\/strong>\u00a0monthly for\u00a0<strong>campaigns<\/strong>\u00a0paid<\/li>\n<li><span data-sheets-root=\"1\" data-sheets-value=\"{&quot;1&quot;:2,&quot;2&quot;:&quot;*ESTE PLAN INCLUYE:nn&lt;ul&gt;nn &lt;li&gt;Una red social a elegir: Facebook, Twitter, Instagram, LinkedIN, Pinterest, Tiktok o Google my Business.&lt;\/li&gt;nn &lt;li&gt;Una publicaci\u00f3n diaria, basada en un plan de contenidos personalizado. Facebook 30 publicaciones al mes, Instagram 20 publicaciones al mes, Tiktok 4 tiktok\u00b4s (un posteo por semana), Twitter 20 publicaciones al mes, LinkedIn 20 publicaciones al mes, Pinterest 12 dise\u00f1os (3 posteos a la semana), Google my business 12 dise\u00f1os (3 posteos a la semana).&lt;\/li&gt;nn &lt;li&gt;(Facebook Lun a Dom. Instagram,Twitter , Linkedin de Lun a Vier, Pinterest y Google my business 3 publicaciones semanales)&lt;\/li&gt;nn &lt;li&gt;Dise\u00f1o en fotos y videos.&lt;\/li&gt;nn &lt;li&gt;Respuesta y seguimiento a comentarios.&lt;\/li&gt;nn &lt;li&gt;(Lun a Vier de 9:00 a 17:00 hrs (GMT-6)).&lt;\/li&gt;nn &lt;li&gt;Respuesta y seguimiento a inbox.&lt;\/li&gt;nn &lt;li&gt;(Lun a Vier de 9:00 a 17:00 hrs (GMT-6)).&lt;\/li&gt;nn &lt;li&gt;Reporte mensual de crecimiento.&lt;\/li&gt;nn &lt;li&gt;Propuesta mensual para campa\u00f1as pagadas.&lt;\/li&gt;nn &lt;li&gt;Un Agente asignado a tu negocio.&lt;\/li&gt;nn &lt;li&gt;Cancela cuando quieras.&lt;\/li&gt;nn&lt;\/ul&gt;nnEntrega:nnnnMismo d\u00eda de contrataci\u00f3n teniendo toda la informaci\u00f3n completa por parte del cliente. (Antes de las 14:00 hrs (GMT-6)).&quot;}\" data-sheets-userformat=\"{&quot;2&quot;:513,&quot;3&quot;:{&quot;1&quot;:0},&quot;12&quot;:0}\">An agent assigned to your business.<br \/>\n<\/span><\/li>\n<li><span data-sheets-root=\"1\" data-sheets-value=\"{&quot;1&quot;:2,&quot;2&quot;:&quot;*ESTE PLAN INCLUYE:nn&lt;ul&gt;nn &lt;li&gt;Una red social a elegir: Facebook, Twitter, Instagram, LinkedIN, Pinterest, Tiktok o Google my Business.&lt;\/li&gt;nn &lt;li&gt;Una publicaci\u00f3n diaria, basada en un plan de contenidos personalizado. Facebook 30 publicaciones al mes, Instagram 20 publicaciones al mes, Tiktok 4 tiktok\u00b4s (un posteo por semana), Twitter 20 publicaciones al mes, LinkedIn 20 publicaciones al mes, Pinterest 12 dise\u00f1os (3 posteos a la semana), Google my business 12 dise\u00f1os (3 posteos a la semana).&lt;\/li&gt;nn &lt;li&gt;(Facebook Lun a Dom. Instagram,Twitter , Linkedin de Lun a Vier, Pinterest y Google my business 3 publicaciones semanales)&lt;\/li&gt;nn &lt;li&gt;Dise\u00f1o en fotos y videos.&lt;\/li&gt;nn &lt;li&gt;Respuesta y seguimiento a comentarios.&lt;\/li&gt;nn &lt;li&gt;(Lun a Vier de 9:00 a 17:00 hrs (GMT-6)).&lt;\/li&gt;nn &lt;li&gt;Respuesta y seguimiento a inbox.&lt;\/li&gt;nn &lt;li&gt;(Lun a Vier de 9:00 a 17:00 hrs (GMT-6)).&lt;\/li&gt;nn &lt;li&gt;Reporte mensual de crecimiento.&lt;\/li&gt;nn &lt;li&gt;Propuesta mensual para campa\u00f1as pagadas.&lt;\/li&gt;nn &lt;li&gt;Un Agente asignado a tu negocio.&lt;\/li&gt;nn &lt;li&gt;Cancela cuando quieras.&lt;\/li&gt;nn&lt;\/ul&gt;nnEntrega:nnnnMismo d\u00eda de contrataci\u00f3n teniendo toda la informaci\u00f3n completa por parte del cliente. (Antes de las 14:00 hrs (GMT-6)).&quot;}\" data-sheets-userformat=\"{&quot;2&quot;:513,&quot;3&quot;:{&quot;1&quot;:0},&quot;12&quot;:0}\">Cancel at any time.<\/span><\/li>\n<\/ul>\n<p>Delivery:<br \/>\nSame day of contracting having all the complete information from the client (before 14:00 hrs (GMT-6)).<\/p>","protected":false},"excerpt":{"rendered":"<p>*ESTE PLAN INCLUYE:* 4 redes sociales a elegir: Facebook, Twitter, Instagram, LinkedIn, Pinterest o Google my Business Dise\u00f1o en\u00a0fotos\u00a0y\u00a0videos\u00a0(Plataforma de dise\u00f1o\u00a0Canva) Respuesta\u00a0y\u00a0seguimiento\u00a0a comentarios e inbox.\u00a0(Lun a Vier de 9:00 a 17:00 hrs. GTM-6) Reporte\u00a0mensual de\u00a0crecimiento Dos propuestas\u00a0mensuales para\u00a0campa\u00f1as\u00a0pagadas Un Agente asignado a tu negocio. Cancela cuando quieras. Entrega: Mismo d\u00eda de contrataci\u00f3n teniendo toda la [&hellip;]<\/p>\n","protected":false},"featured_media":1372,"comment_status":"open","ping_status":"closed","template":"","meta":{"iawp_total_views":6},"product_brand":[],"product_cat":[29],"product_tag":[],"class_list":{"0":"post-1137","1":"product","2":"type-product","3":"status-publish","4":"has-post-thumbnail","6":"product_cat-administracion-de-redes-sociales","8":"first","9":"instock","10":"shipping-taxable","11":"purchasable","12":"product-type-variable"},"_links":{"self":[{"href":"https:\/\/geomarketingalliances.com\/en\/wp-json\/wp\/v2\/product\/1137","targetHints":{"allow":["GET"]}}],"collection":[{"href":"https:\/\/geomarketingalliances.com\/en\/wp-json\/wp\/v2\/product"}],"about":[{"href":"https:\/\/geomarketingalliances.com\/en\/wp-json\/wp\/v2\/types\/product"}],"replies":[{"embeddable":true,"href":"https:\/\/geomarketingalliances.com\/en\/wp-json\/wp\/v2\/comments?post=1137"}],"version-history":[{"count":2,"href":"https:\/\/geomarketingalliances.com\/en\/wp-json\/wp\/v2\/product\/1137\/revisions"}],"predecessor-version":[{"id":1379,"href":"https:\/\/geomarketingalliances.com\/en\/wp-json\/wp\/v2\/product\/1137\/revisions\/1379"}],"wp:featuredmedia":[{"embeddable":true,"href":"https:\/\/geomarketingalliances.com\/en\/wp-json\/wp\/v2\/media\/1372"}],"wp:attachment":[{"href":"https:\/\/geomarketingalliances.com\/en\/wp-json\/wp\/v2\/media?parent=1137"}],"wp:term":[{"taxonomy":"product_brand","embeddable":true,"href":"https:\/\/geomarketingalliances.com\/en\/wp-json\/wp\/v2\/product_brand?post=1137"},{"taxonomy":"product_cat","embeddable":true,"href":"https:\/\/geomarketingalliances.com\/en\/wp-json\/wp\/v2\/product_cat?post=1137"},{"taxonomy":"product_tag","embeddable":true,"href":"https:\/\/geomarketingalliances.com\/en\/wp-json\/wp\/v2\/product_tag?post=1137"}],"curies":[{"name":"wp","href":"https:\/\/api.w.org\/{rel}","templated":true}]}}