{"id":1101,"date":"2025-05-30T14:17:28","date_gmt":"2025-05-30T20:17:28","guid":{"rendered":"https:\/\/geomarketingalliances.com\/?post_type=product&#038;p=1101"},"modified":"2025-07-23T13:59:43","modified_gmt":"2025-07-23T19:59:43","slug":"video-inter","status":"publish","type":"product","link":"https:\/\/geomarketingalliances.com\/en\/product\/video-inter\/","title":{"rendered":"Video Inter"},"content":{"rendered":"<p>The style may vary according to the customer's needs, the video Intermediate<strong>\u00a0involves advanced elements<\/strong>\u00a0like\u00a0<strong>mockups, transitions and animation<\/strong>.<\/p>\n<p>Time of<strong> delivery 7 to 10 working days<\/strong> once the resources are available from the client.<\/p>\n<p><strong>*Does not include voice-over<\/strong><\/p>","protected":false},"excerpt":{"rendered":"<p>El estilo puede variar de acuerdo a las necesidades del cliente, el video Intermedio\u00a0involucra elementos avanzados\u00a0como\u00a0mockups, transiciones y animaci\u00f3n. Tiempo de entrega de 7 a 10 d\u00edas h\u00e1biles una vez que se cuenta con los recursos por parte del cliente. *No incluye Voz en Off<\/p>","protected":false},"featured_media":1367,"comment_status":"open","ping_status":"closed","template":"","meta":{"iawp_total_views":6},"product_brand":[],"product_cat":[28],"product_tag":[],"class_list":{"0":"post-1101","1":"product","2":"type-product","3":"status-publish","4":"has-post-thumbnail","6":"product_cat-videomarketing","8":"first","9":"instock","10":"shipping-taxable","11":"purchasable","12":"product-type-variable"},"_links":{"self":[{"href":"https:\/\/geomarketingalliances.com\/en\/wp-json\/wp\/v2\/product\/1101","targetHints":{"allow":["GET"]}}],"collection":[{"href":"https:\/\/geomarketingalliances.com\/en\/wp-json\/wp\/v2\/product"}],"about":[{"href":"https:\/\/geomarketingalliances.com\/en\/wp-json\/wp\/v2\/types\/product"}],"replies":[{"embeddable":true,"href":"https:\/\/geomarketingalliances.com\/en\/wp-json\/wp\/v2\/comments?post=1101"}],"version-history":[{"count":2,"href":"https:\/\/geomarketingalliances.com\/en\/wp-json\/wp\/v2\/product\/1101\/revisions"}],"predecessor-version":[{"id":1390,"href":"https:\/\/geomarketingalliances.com\/en\/wp-json\/wp\/v2\/product\/1101\/revisions\/1390"}],"wp:featuredmedia":[{"embeddable":true,"href":"https:\/\/geomarketingalliances.com\/en\/wp-json\/wp\/v2\/media\/1367"}],"wp:attachment":[{"href":"https:\/\/geomarketingalliances.com\/en\/wp-json\/wp\/v2\/media?parent=1101"}],"wp:term":[{"taxonomy":"product_brand","embeddable":true,"href":"https:\/\/geomarketingalliances.com\/en\/wp-json\/wp\/v2\/product_brand?post=1101"},{"taxonomy":"product_cat","embeddable":true,"href":"https:\/\/geomarketingalliances.com\/en\/wp-json\/wp\/v2\/product_cat?post=1101"},{"taxonomy":"product_tag","embeddable":true,"href":"https:\/\/geomarketingalliances.com\/en\/wp-json\/wp\/v2\/product_tag?post=1101"}],"curies":[{"name":"wp","href":"https:\/\/api.w.org\/{rel}","templated":true}]}}