{"id":1097,"date":"2025-05-30T14:17:28","date_gmt":"2025-05-30T20:17:28","guid":{"rendered":"https:\/\/geomarketingalliances.com\/?post_type=product&#038;p=1097"},"modified":"2025-07-23T13:58:12","modified_gmt":"2025-07-23T19:58:12","slug":"video-basico","status":"publish","type":"product","link":"https:\/\/geomarketingalliances.com\/en\/product\/video-basico\/","title":{"rendered":"Basic Video"},"content":{"rendered":"<p>The style can vary according to the client's needs, the basic video is more focused on <strong>simple animations<\/strong> presentation style without involving advanced elements such as mockups or animation.<\/p>\n<p>Time of<strong> delivery 5 to 7 working days<\/strong> once the resources are available from the client.<\/p>\n<p><strong>*Does not include voice-over<\/strong><\/p>\n<p>&nbsp;<\/p>","protected":false},"excerpt":{"rendered":"<p>El estilo puede variar de acuerdo a las necesidades del cliente, el video b\u00e1sico est\u00e1 m\u00e1s enfocado en animaciones sencillas estilo presentaci\u00f3n sin involucrar elementos avanzados como mockups o animaci\u00f3n. Tiempo de entrega de 5 a 7 d\u00edas h\u00e1biles una vez que se cuenta con los recursos por parte del cliente. *No incluye Voz en [&hellip;]<\/p>\n","protected":false},"featured_media":1359,"comment_status":"open","ping_status":"closed","template":"","meta":{"iawp_total_views":7},"product_brand":[],"product_cat":[28],"product_tag":[],"class_list":{"0":"post-1097","1":"product","2":"type-product","3":"status-publish","4":"has-post-thumbnail","6":"product_cat-videomarketing","8":"first","9":"instock","10":"shipping-taxable","11":"purchasable","12":"product-type-variable"},"_links":{"self":[{"href":"https:\/\/geomarketingalliances.com\/en\/wp-json\/wp\/v2\/product\/1097","targetHints":{"allow":["GET"]}}],"collection":[{"href":"https:\/\/geomarketingalliances.com\/en\/wp-json\/wp\/v2\/product"}],"about":[{"href":"https:\/\/geomarketingalliances.com\/en\/wp-json\/wp\/v2\/types\/product"}],"replies":[{"embeddable":true,"href":"https:\/\/geomarketingalliances.com\/en\/wp-json\/wp\/v2\/comments?post=1097"}],"version-history":[{"count":1,"href":"https:\/\/geomarketingalliances.com\/en\/wp-json\/wp\/v2\/product\/1097\/revisions"}],"predecessor-version":[{"id":1127,"href":"https:\/\/geomarketingalliances.com\/en\/wp-json\/wp\/v2\/product\/1097\/revisions\/1127"}],"wp:featuredmedia":[{"embeddable":true,"href":"https:\/\/geomarketingalliances.com\/en\/wp-json\/wp\/v2\/media\/1359"}],"wp:attachment":[{"href":"https:\/\/geomarketingalliances.com\/en\/wp-json\/wp\/v2\/media?parent=1097"}],"wp:term":[{"taxonomy":"product_brand","embeddable":true,"href":"https:\/\/geomarketingalliances.com\/en\/wp-json\/wp\/v2\/product_brand?post=1097"},{"taxonomy":"product_cat","embeddable":true,"href":"https:\/\/geomarketingalliances.com\/en\/wp-json\/wp\/v2\/product_cat?post=1097"},{"taxonomy":"product_tag","embeddable":true,"href":"https:\/\/geomarketingalliances.com\/en\/wp-json\/wp\/v2\/product_tag?post=1097"}],"curies":[{"name":"wp","href":"https:\/\/api.w.org\/{rel}","templated":true}]}}