{"id":1096,"date":"2025-05-30T14:17:28","date_gmt":"2025-05-30T20:17:28","guid":{"rendered":"https:\/\/geomarketingalliances.com\/?post_type=product&#038;p=1096"},"modified":"2025-07-23T13:33:37","modified_gmt":"2025-07-23T19:33:37","slug":"menu-digital-empresarial","status":"publish","type":"product","link":"https:\/\/geomarketingalliances.com\/en\/product\/menu-digital-empresarial\/","title":{"rendered":"Digital Business Menu"},"content":{"rendered":"<p>Ideal for companies, it offers everything from the Pyme Menu plus professional photographs of dishes and links to social networks.<\/p>\n<p>Includes:<\/p>\n<ul>\n<li>Digital menu design, text, price<\/li>\n<li>QR code for printing with your company logo<\/li>\n<li>Photographs of the dishes<\/li>\n<li>Linking to Social Networks<\/li>\n<li>Delivery time: 7 working days<\/li>\n<\/ul>","protected":false},"excerpt":{"rendered":"<p>Ideal para empresas, ofrece todo lo del Men\u00fa Pyme m\u00e1s fotograf\u00edas profesionales de platillos y vinculaci\u00f3n a redes sociales. Incluye: Dise\u00f1o del Men\u00fa Digital, texto, precio C\u00f3digo QR para impresi\u00f3n con el logo de tu empresa Fotograf\u00edas de los platillos Vinculaci\u00f3n a Redes Sociales Tiempo de entrega: 7 d\u00edas h\u00e1biles<\/p>","protected":false},"featured_media":1353,"comment_status":"open","ping_status":"closed","template":"","meta":{"iawp_total_views":8},"product_brand":[],"product_cat":[24],"product_tag":[],"class_list":{"0":"post-1096","1":"product","2":"type-product","3":"status-publish","4":"has-post-thumbnail","6":"product_cat-diseno-grafico","8":"first","9":"instock","10":"virtual","11":"purchasable","12":"product-type-simple"},"_links":{"self":[{"href":"https:\/\/geomarketingalliances.com\/en\/wp-json\/wp\/v2\/product\/1096","targetHints":{"allow":["GET"]}}],"collection":[{"href":"https:\/\/geomarketingalliances.com\/en\/wp-json\/wp\/v2\/product"}],"about":[{"href":"https:\/\/geomarketingalliances.com\/en\/wp-json\/wp\/v2\/types\/product"}],"replies":[{"embeddable":true,"href":"https:\/\/geomarketingalliances.com\/en\/wp-json\/wp\/v2\/comments?post=1096"}],"version-history":[{"count":1,"href":"https:\/\/geomarketingalliances.com\/en\/wp-json\/wp\/v2\/product\/1096\/revisions"}],"predecessor-version":[{"id":1126,"href":"https:\/\/geomarketingalliances.com\/en\/wp-json\/wp\/v2\/product\/1096\/revisions\/1126"}],"wp:featuredmedia":[{"embeddable":true,"href":"https:\/\/geomarketingalliances.com\/en\/wp-json\/wp\/v2\/media\/1353"}],"wp:attachment":[{"href":"https:\/\/geomarketingalliances.com\/en\/wp-json\/wp\/v2\/media?parent=1096"}],"wp:term":[{"taxonomy":"product_brand","embeddable":true,"href":"https:\/\/geomarketingalliances.com\/en\/wp-json\/wp\/v2\/product_brand?post=1096"},{"taxonomy":"product_cat","embeddable":true,"href":"https:\/\/geomarketingalliances.com\/en\/wp-json\/wp\/v2\/product_cat?post=1096"},{"taxonomy":"product_tag","embeddable":true,"href":"https:\/\/geomarketingalliances.com\/en\/wp-json\/wp\/v2\/product_tag?post=1096"}],"curies":[{"name":"wp","href":"https:\/\/api.w.org\/{rel}","templated":true}]}}