{"id":1095,"date":"2025-05-30T14:17:28","date_gmt":"2025-05-30T20:17:28","guid":{"rendered":"https:\/\/geomarketingalliances.com\/?post_type=product&#038;p=1095"},"modified":"2025-07-23T13:31:16","modified_gmt":"2025-07-23T19:31:16","slug":"menu-digital-pyme","status":"publish","type":"product","link":"https:\/\/geomarketingalliances.com\/en\/product\/menu-digital-pyme\/","title":{"rendered":"SME Digital Menu"},"content":{"rendered":"<p>Designed for entrepreneurs and small businesses, it includes the design of the digital menu with text and prices, plus a QR code personalized with your logo.<\/p>\n<div class=\"elementor-element elementor-element-3686d91a elementor-widget elementor-widget-heading\" data-id=\"3686d91a\" data-element_type=\"widget\" data-widget_type=\"heading.default\">\n<div class=\"elementor-widget-container\">\n<h5 class=\"elementor-heading-title elementor-size-default\">Includes:<\/h5>\n<\/div>\n<\/div>\n<div class=\"elementor-element elementor-element-757e92fd elementor-icon-list--layout-traditional elementor-list-item-link-full_width elementor-widget elementor-widget-icon-list\" data-id=\"757e92fd\" data-element_type=\"widget\" data-widget_type=\"icon-list.default\">\n<div class=\"elementor-widget-container\">\n<ul class=\"elementor-icon-list-items\">\n<li class=\"elementor-icon-list-item\"><span class=\"elementor-icon-list-text\">Digital Menu Design With text and price<\/span><\/li>\n<li class=\"elementor-icon-list-item\"><span class=\"elementor-icon-list-text\">QR code for printing with your company logo<\/span><\/li>\n<li class=\"elementor-icon-list-item\"><span class=\"elementor-icon-list-text\">Delivery time: 7 working days<\/span><\/li>\n<\/ul>\n<\/div>\n<\/div>","protected":false},"excerpt":{"rendered":"<p>Dise\u00f1ado para emprendedores y peque\u00f1os negocios, incluye el dise\u00f1o del men\u00fa digital con texto y precios, m\u00e1s un c\u00f3digo QR personalizado con tu logotipo. Incluye: Dise\u00f1o del Men\u00fa Digital Con texto y precio C\u00f3digo QR para impresi\u00f3n con el logo de tu empresa Tiempo de entrega: 7 d\u00edas h\u00e1biles<\/p>","protected":false},"featured_media":1361,"comment_status":"open","ping_status":"closed","template":"","meta":{"iawp_total_views":7},"product_brand":[],"product_cat":[24],"product_tag":[],"class_list":{"0":"post-1095","1":"product","2":"type-product","3":"status-publish","4":"has-post-thumbnail","6":"product_cat-diseno-grafico","8":"first","9":"instock","10":"virtual","11":"purchasable","12":"product-type-simple"},"_links":{"self":[{"href":"https:\/\/geomarketingalliances.com\/en\/wp-json\/wp\/v2\/product\/1095","targetHints":{"allow":["GET"]}}],"collection":[{"href":"https:\/\/geomarketingalliances.com\/en\/wp-json\/wp\/v2\/product"}],"about":[{"href":"https:\/\/geomarketingalliances.com\/en\/wp-json\/wp\/v2\/types\/product"}],"replies":[{"embeddable":true,"href":"https:\/\/geomarketingalliances.com\/en\/wp-json\/wp\/v2\/comments?post=1095"}],"version-history":[{"count":2,"href":"https:\/\/geomarketingalliances.com\/en\/wp-json\/wp\/v2\/product\/1095\/revisions"}],"predecessor-version":[{"id":1382,"href":"https:\/\/geomarketingalliances.com\/en\/wp-json\/wp\/v2\/product\/1095\/revisions\/1382"}],"wp:featuredmedia":[{"embeddable":true,"href":"https:\/\/geomarketingalliances.com\/en\/wp-json\/wp\/v2\/media\/1361"}],"wp:attachment":[{"href":"https:\/\/geomarketingalliances.com\/en\/wp-json\/wp\/v2\/media?parent=1095"}],"wp:term":[{"taxonomy":"product_brand","embeddable":true,"href":"https:\/\/geomarketingalliances.com\/en\/wp-json\/wp\/v2\/product_brand?post=1095"},{"taxonomy":"product_cat","embeddable":true,"href":"https:\/\/geomarketingalliances.com\/en\/wp-json\/wp\/v2\/product_cat?post=1095"},{"taxonomy":"product_tag","embeddable":true,"href":"https:\/\/geomarketingalliances.com\/en\/wp-json\/wp\/v2\/product_tag?post=1095"}],"curies":[{"name":"wp","href":"https:\/\/api.w.org\/{rel}","templated":true}]}}