{"id":1094,"date":"2025-05-30T14:17:28","date_gmt":"2025-05-30T20:17:28","guid":{"rendered":"https:\/\/geomarketingalliances.com\/?post_type=product&#038;p=1094"},"modified":"2025-07-23T13:30:07","modified_gmt":"2025-07-23T19:30:07","slug":"naming","status":"publish","type":"product","link":"https:\/\/geomarketingalliances.com\/en\/product\/naming\/","title":{"rendered":"Naming"},"content":{"rendered":"<div class=\"elementor-element elementor-element-31152127 elementor-widget elementor-widget-heading\" data-id=\"31152127\" data-element_type=\"widget\" data-widget_type=\"heading.default\">\n<div class=\"elementor-widget-container\">\n<pre>Our naming service helps you create a unique, memorable and impactful name that resonates with your target audience and reflects your brand identity.\r\n\r\nIt includes:<\/pre>\n<\/div>\n<\/div>\n<div class=\"elementor-element elementor-element-1975ce03 elementor-icon-list--layout-traditional elementor-list-item-link-full_width elementor-widget elementor-widget-icon-list\" data-id=\"1975ce03\" data-element_type=\"widget\" data-widget_type=\"icon-list.default\">\n<div class=\"elementor-widget-container\">\n<ul class=\"elementor-icon-list-items\">\n<li class=\"elementor-icon-list-item\"><span class=\"elementor-icon-list-text\">Creation of your brand name<\/span><\/li>\n<li class=\"elementor-icon-list-item\">Delivery time 5 working days<\/li>\n<\/ul>\n<\/div>\n<\/div>","protected":false},"excerpt":{"rendered":"<p>Nuestro servicio de naming te ayuda a crear un nombre \u00fanico, memorable e impactante que resuene con tu p\u00fablico objetivo y refleje la identidad de tu marca. Incluye: Creaci\u00f3n del nombre de tu marca Tiempo de entrega 5 d\u00edas h\u00e1biles<\/p>","protected":false},"featured_media":1355,"comment_status":"open","ping_status":"closed","template":"","meta":{"iawp_total_views":7},"product_brand":[],"product_cat":[24],"product_tag":[],"class_list":{"0":"post-1094","1":"product","2":"type-product","3":"status-publish","4":"has-post-thumbnail","6":"product_cat-diseno-grafico","8":"first","9":"instock","10":"virtual","11":"purchasable","12":"product-type-simple"},"_links":{"self":[{"href":"https:\/\/geomarketingalliances.com\/en\/wp-json\/wp\/v2\/product\/1094","targetHints":{"allow":["GET"]}}],"collection":[{"href":"https:\/\/geomarketingalliances.com\/en\/wp-json\/wp\/v2\/product"}],"about":[{"href":"https:\/\/geomarketingalliances.com\/en\/wp-json\/wp\/v2\/types\/product"}],"replies":[{"embeddable":true,"href":"https:\/\/geomarketingalliances.com\/en\/wp-json\/wp\/v2\/comments?post=1094"}],"version-history":[{"count":1,"href":"https:\/\/geomarketingalliances.com\/en\/wp-json\/wp\/v2\/product\/1094\/revisions"}],"predecessor-version":[{"id":1124,"href":"https:\/\/geomarketingalliances.com\/en\/wp-json\/wp\/v2\/product\/1094\/revisions\/1124"}],"wp:featuredmedia":[{"embeddable":true,"href":"https:\/\/geomarketingalliances.com\/en\/wp-json\/wp\/v2\/media\/1355"}],"wp:attachment":[{"href":"https:\/\/geomarketingalliances.com\/en\/wp-json\/wp\/v2\/media?parent=1094"}],"wp:term":[{"taxonomy":"product_brand","embeddable":true,"href":"https:\/\/geomarketingalliances.com\/en\/wp-json\/wp\/v2\/product_brand?post=1094"},{"taxonomy":"product_cat","embeddable":true,"href":"https:\/\/geomarketingalliances.com\/en\/wp-json\/wp\/v2\/product_cat?post=1094"},{"taxonomy":"product_tag","embeddable":true,"href":"https:\/\/geomarketingalliances.com\/en\/wp-json\/wp\/v2\/product_tag?post=1094"}],"curies":[{"name":"wp","href":"https:\/\/api.w.org\/{rel}","templated":true}]}}