{"id":1092,"date":"2025-05-30T14:17:27","date_gmt":"2025-05-30T20:17:27","guid":{"rendered":"https:\/\/geomarketingalliances.com\/?post_type=product&#038;p=1092"},"modified":"2025-07-23T13:38:52","modified_gmt":"2025-07-23T19:38:52","slug":"e-commerce","status":"publish","type":"product","link":"https:\/\/geomarketingalliances.com\/en\/product\/e-commerce\/","title":{"rendered":"E-commerce"},"content":{"rendered":"","protected":false},"excerpt":{"rendered":"<p>Web con tienda en l\u00ednea y pasarelas de pago, tus clientes te pueden comprar directamente, pagar con tarjetas de cr\u00e9dito, d\u00e9bito, Paypal, entre otras.<\/p>\n<p><strong>Includes:<\/strong><\/p>\n<ul>\n<li>Hosting<\/li>\n<li>SSL<\/li>\n<li>5 correos corporativos<\/li>\n<li>2 pasarelas de pago<\/li>\n<\/ul>","protected":false},"featured_media":1364,"comment_status":"open","ping_status":"closed","template":"","meta":{"iawp_total_views":5},"product_brand":[],"product_cat":[25],"product_tag":[],"class_list":{"0":"post-1092","1":"product","2":"type-product","3":"status-publish","4":"has-post-thumbnail","6":"product_cat-desarrollo-web","8":"first","9":"instock","10":"shipping-taxable","11":"purchasable","12":"product-type-variable"},"_links":{"self":[{"href":"https:\/\/geomarketingalliances.com\/en\/wp-json\/wp\/v2\/product\/1092","targetHints":{"allow":["GET"]}}],"collection":[{"href":"https:\/\/geomarketingalliances.com\/en\/wp-json\/wp\/v2\/product"}],"about":[{"href":"https:\/\/geomarketingalliances.com\/en\/wp-json\/wp\/v2\/types\/product"}],"replies":[{"embeddable":true,"href":"https:\/\/geomarketingalliances.com\/en\/wp-json\/wp\/v2\/comments?post=1092"}],"version-history":[{"count":2,"href":"https:\/\/geomarketingalliances.com\/en\/wp-json\/wp\/v2\/product\/1092\/revisions"}],"predecessor-version":[{"id":1385,"href":"https:\/\/geomarketingalliances.com\/en\/wp-json\/wp\/v2\/product\/1092\/revisions\/1385"}],"wp:featuredmedia":[{"embeddable":true,"href":"https:\/\/geomarketingalliances.com\/en\/wp-json\/wp\/v2\/media\/1364"}],"wp:attachment":[{"href":"https:\/\/geomarketingalliances.com\/en\/wp-json\/wp\/v2\/media?parent=1092"}],"wp:term":[{"taxonomy":"product_brand","embeddable":true,"href":"https:\/\/geomarketingalliances.com\/en\/wp-json\/wp\/v2\/product_brand?post=1092"},{"taxonomy":"product_cat","embeddable":true,"href":"https:\/\/geomarketingalliances.com\/en\/wp-json\/wp\/v2\/product_cat?post=1092"},{"taxonomy":"product_tag","embeddable":true,"href":"https:\/\/geomarketingalliances.com\/en\/wp-json\/wp\/v2\/product_tag?post=1092"}],"curies":[{"name":"wp","href":"https:\/\/api.w.org\/{rel}","templated":true}]}}