{"id":1088,"date":"2025-05-30T14:17:27","date_gmt":"2025-05-30T20:17:27","guid":{"rendered":"https:\/\/geomarketingalliances.com\/?post_type=product&#038;p=1088"},"modified":"2025-07-23T13:55:52","modified_gmt":"2025-07-23T19:55:52","slug":"tiktok-ads","status":"publish","type":"product","link":"https:\/\/geomarketingalliances.com\/en\/product\/tiktok-ads\/","title":{"rendered":"TikTok Ads"},"content":{"rendered":"<p>Make the most of the creativity of the videos, include the following:<\/p>\n<ul>\n<li>Initial analysis<\/li>\n<li>Segmentation of a target market<\/li>\n<li>Campaign Proposal Form<\/li>\n<li>Campaign launch and monitoring<\/li>\n<li>Maximum duration of 30 days<\/li>\n<li>One Agent assigned<\/li>\n<li>Report of results<\/li>\n<li>Campaign investment not included<\/li>\n<\/ul>","protected":false},"excerpt":{"rendered":"<p>Aprovecha al m\u00e1ximo la creatividad de los videos, incluye lo siguiente: An\u00e1lisis inicial Segmentaci\u00f3n de un mercado objetivo Formato de propuesta de campa\u00f1a Lanzamiento y monitoreo de campa\u00f1a Duraci\u00f3n m\u00e1xima de 30 d\u00edas Un Agente asignado Reporte de resultados Inversi\u00f3n de campa\u00f1a no incluida<\/p>","protected":false},"featured_media":1358,"comment_status":"open","ping_status":"closed","template":"","meta":{"iawp_total_views":6},"product_brand":[],"product_cat":[30],"product_tag":[],"class_list":{"0":"post-1088","1":"product","2":"type-product","3":"status-publish","4":"has-post-thumbnail","6":"product_cat-campanas","8":"first","9":"instock","10":"virtual","11":"purchasable","12":"product-type-simple"},"_links":{"self":[{"href":"https:\/\/geomarketingalliances.com\/en\/wp-json\/wp\/v2\/product\/1088","targetHints":{"allow":["GET"]}}],"collection":[{"href":"https:\/\/geomarketingalliances.com\/en\/wp-json\/wp\/v2\/product"}],"about":[{"href":"https:\/\/geomarketingalliances.com\/en\/wp-json\/wp\/v2\/types\/product"}],"replies":[{"embeddable":true,"href":"https:\/\/geomarketingalliances.com\/en\/wp-json\/wp\/v2\/comments?post=1088"}],"version-history":[{"count":1,"href":"https:\/\/geomarketingalliances.com\/en\/wp-json\/wp\/v2\/product\/1088\/revisions"}],"predecessor-version":[{"id":1118,"href":"https:\/\/geomarketingalliances.com\/en\/wp-json\/wp\/v2\/product\/1088\/revisions\/1118"}],"wp:featuredmedia":[{"embeddable":true,"href":"https:\/\/geomarketingalliances.com\/en\/wp-json\/wp\/v2\/media\/1358"}],"wp:attachment":[{"href":"https:\/\/geomarketingalliances.com\/en\/wp-json\/wp\/v2\/media?parent=1088"}],"wp:term":[{"taxonomy":"product_brand","embeddable":true,"href":"https:\/\/geomarketingalliances.com\/en\/wp-json\/wp\/v2\/product_brand?post=1088"},{"taxonomy":"product_cat","embeddable":true,"href":"https:\/\/geomarketingalliances.com\/en\/wp-json\/wp\/v2\/product_cat?post=1088"},{"taxonomy":"product_tag","embeddable":true,"href":"https:\/\/geomarketingalliances.com\/en\/wp-json\/wp\/v2\/product_tag?post=1088"}],"curies":[{"name":"wp","href":"https:\/\/api.w.org\/{rel}","templated":true}]}}