{"id":1086,"date":"2025-05-30T14:17:26","date_gmt":"2025-05-30T20:17:26","guid":{"rendered":"https:\/\/geomarketingalliances.com\/?post_type=product&#038;p=1086"},"modified":"2025-07-23T13:53:53","modified_gmt":"2025-07-23T19:53:53","slug":"facebook-ads","status":"publish","type":"product","link":"https:\/\/geomarketingalliances.com\/en\/product\/facebook-ads\/","title":{"rendered":"Facebook Ads"},"content":{"rendered":"<p>Reach customers interested in your product or service<\/p>\n<p>with effective advertisements, includes the following:<\/p>\n<ul>\n<li>Initial analysis<\/li>\n<li>Segmentation of a target market<\/li>\n<li>Campaign Proposal Form<\/li>\n<li>Campaign launch and monitoring<\/li>\n<li>Maximum duration of 30 days<\/li>\n<li>One Agent assigned<\/li>\n<li>Report of results<\/li>\n<li>Campaign investment not included<\/li>\n<\/ul>\n<p>Delivery time: 3 working days with all the information provided by the customer.<\/p>","protected":false},"excerpt":{"rendered":"<p>Llega a clientes interesados en tu producto o servicio con anuncios efectivos, incluye lo siguiente: An\u00e1lisis inicial Segmentaci\u00f3n de un mercado objetivo Formato de propuesta de campa\u00f1a Lanzamiento y monitoreo de campa\u00f1a Duraci\u00f3n m\u00e1xima de 30 d\u00edas Un Agente asignado Reporte de resultados Inversi\u00f3n de campa\u00f1a no incluida Tiempo de entrega: 3 d\u00edas h\u00e1biles teniendo [&hellip;]<\/p>\n","protected":false},"featured_media":1356,"comment_status":"open","ping_status":"closed","template":"","meta":{"iawp_total_views":6},"product_brand":[],"product_cat":[30],"product_tag":[],"class_list":{"0":"post-1086","1":"product","2":"type-product","3":"status-publish","4":"has-post-thumbnail","6":"product_cat-campanas","8":"first","9":"instock","10":"virtual","11":"purchasable","12":"product-type-simple"},"_links":{"self":[{"href":"https:\/\/geomarketingalliances.com\/en\/wp-json\/wp\/v2\/product\/1086","targetHints":{"allow":["GET"]}}],"collection":[{"href":"https:\/\/geomarketingalliances.com\/en\/wp-json\/wp\/v2\/product"}],"about":[{"href":"https:\/\/geomarketingalliances.com\/en\/wp-json\/wp\/v2\/types\/product"}],"replies":[{"embeddable":true,"href":"https:\/\/geomarketingalliances.com\/en\/wp-json\/wp\/v2\/comments?post=1086"}],"version-history":[{"count":2,"href":"https:\/\/geomarketingalliances.com\/en\/wp-json\/wp\/v2\/product\/1086\/revisions"}],"predecessor-version":[{"id":1389,"href":"https:\/\/geomarketingalliances.com\/en\/wp-json\/wp\/v2\/product\/1086\/revisions\/1389"}],"wp:featuredmedia":[{"embeddable":true,"href":"https:\/\/geomarketingalliances.com\/en\/wp-json\/wp\/v2\/media\/1356"}],"wp:attachment":[{"href":"https:\/\/geomarketingalliances.com\/en\/wp-json\/wp\/v2\/media?parent=1086"}],"wp:term":[{"taxonomy":"product_brand","embeddable":true,"href":"https:\/\/geomarketingalliances.com\/en\/wp-json\/wp\/v2\/product_brand?post=1086"},{"taxonomy":"product_cat","embeddable":true,"href":"https:\/\/geomarketingalliances.com\/en\/wp-json\/wp\/v2\/product_cat?post=1086"},{"taxonomy":"product_tag","embeddable":true,"href":"https:\/\/geomarketingalliances.com\/en\/wp-json\/wp\/v2\/product_tag?post=1086"}],"curies":[{"name":"wp","href":"https:\/\/api.w.org\/{rel}","templated":true}]}}