{"id":1085,"date":"2025-05-30T14:17:26","date_gmt":"2025-05-30T20:17:26","guid":{"rendered":"https:\/\/geomarketingalliances.com\/?post_type=product&#038;p=1085"},"modified":"2025-07-23T13:51:59","modified_gmt":"2025-07-23T19:51:59","slug":"google-video-youtube","status":"publish","type":"product","link":"https:\/\/geomarketingalliances.com\/en\/product\/google-video-youtube\/","title":{"rendered":"Google Video YouTube"},"content":{"rendered":"<p>Video advertising on YouTube has a system in which the advertiser only pays when someone chooses to watch your video. Ideal for new business or remarketing strategies.<\/p>\n<p>YouTube ad serving, including the following:<\/p>\n<ul>\n<li>Initial analysis<\/li>\n<li>Keyword search and selection<\/li>\n<li>Segmentation of a target market<\/li>\n<li>6 sec, 15 sec, or 20 sec video creation<\/li>\n<li>Campaign Proposal Form<\/li>\n<li>Campaign launch and monitoring<\/li>\n<li>One Agent assigned<\/li>\n<li>Maximum duration of 30 days<\/li>\n<li>Report of results<\/li>\n<li>Campaign investment not included<\/li>\n<\/ul>","protected":false},"excerpt":{"rendered":"<p>La publicidad de video en YouTube tiene un sistema en el que el anunciante solo paga cuando alguien elige ver su video. Ideal para nuevos negocios o estrategias de remarketing. Publicaci\u00f3n de anuncios en YouTube, incluye lo siguiente: An\u00e1lisis inicial B\u00fasqueda y selecci\u00f3n de palabras clave Segmentaci\u00f3n de un mercado objetivo Creaci\u00f3n de video de [&hellip;]<\/p>\n","protected":false},"featured_media":1377,"comment_status":"open","ping_status":"closed","template":"","meta":{"iawp_total_views":4},"product_brand":[],"product_cat":[30],"product_tag":[],"class_list":{"0":"post-1085","1":"product","2":"type-product","3":"status-publish","4":"has-post-thumbnail","6":"product_cat-campanas","8":"first","9":"instock","10":"virtual","11":"purchasable","12":"product-type-simple"},"_links":{"self":[{"href":"https:\/\/geomarketingalliances.com\/en\/wp-json\/wp\/v2\/product\/1085","targetHints":{"allow":["GET"]}}],"collection":[{"href":"https:\/\/geomarketingalliances.com\/en\/wp-json\/wp\/v2\/product"}],"about":[{"href":"https:\/\/geomarketingalliances.com\/en\/wp-json\/wp\/v2\/types\/product"}],"replies":[{"embeddable":true,"href":"https:\/\/geomarketingalliances.com\/en\/wp-json\/wp\/v2\/comments?post=1085"}],"version-history":[{"count":1,"href":"https:\/\/geomarketingalliances.com\/en\/wp-json\/wp\/v2\/product\/1085\/revisions"}],"predecessor-version":[{"id":1115,"href":"https:\/\/geomarketingalliances.com\/en\/wp-json\/wp\/v2\/product\/1085\/revisions\/1115"}],"wp:featuredmedia":[{"embeddable":true,"href":"https:\/\/geomarketingalliances.com\/en\/wp-json\/wp\/v2\/media\/1377"}],"wp:attachment":[{"href":"https:\/\/geomarketingalliances.com\/en\/wp-json\/wp\/v2\/media?parent=1085"}],"wp:term":[{"taxonomy":"product_brand","embeddable":true,"href":"https:\/\/geomarketingalliances.com\/en\/wp-json\/wp\/v2\/product_brand?post=1085"},{"taxonomy":"product_cat","embeddable":true,"href":"https:\/\/geomarketingalliances.com\/en\/wp-json\/wp\/v2\/product_cat?post=1085"},{"taxonomy":"product_tag","embeddable":true,"href":"https:\/\/geomarketingalliances.com\/en\/wp-json\/wp\/v2\/product_tag?post=1085"}],"curies":[{"name":"wp","href":"https:\/\/api.w.org\/{rel}","templated":true}]}}