{"id":1084,"date":"2025-05-30T14:17:26","date_gmt":"2025-05-30T20:17:26","guid":{"rendered":"https:\/\/geomarketingalliances.com\/?post_type=product&#038;p=1084"},"modified":"2025-07-23T13:50:07","modified_gmt":"2025-07-23T19:50:07","slug":"google-display","status":"publish","type":"product","link":"https:\/\/geomarketingalliances.com\/en\/product\/google-display\/","title":{"rendered":"Google Display"},"content":{"rendered":"<p>Reach relevant audiences with visually engaging ads on millions of websites, apps and Google properties.<\/p>\n<p>Publication of display ads on web pages, including the following:<\/p>\n<p>Initial analysis<\/p>\n<ul>\n<li>Keyword search and selection<\/li>\n<li>Segmentation of a target market<\/li>\n<li>Creation of the banner for the requested advertisement<\/li>\n<li>Campaign Proposal Form<\/li>\n<li>Campaign launch and monitoring<\/li>\n<li>One Agent assigned<\/li>\n<li>Maximum duration of 30 days<\/li>\n<li>Report of results<\/li>\n<li>Campaign investment not included<\/li>\n<\/ul>","protected":false},"excerpt":{"rendered":"<p>Llega a audiencias relevantes con anuncios visualmente atractivos en millones de sitios web, aplicaciones y propiedades de Google. Publicaci\u00f3n de anuncios display en p\u00e1ginas web, incluye lo siguiente: An\u00e1lisis inicial B\u00fasqueda y selecci\u00f3n de palabras clave Segmentaci\u00f3n de un mercado objetivo Creaci\u00f3n del banner para el anuncio solicitado Formato de propuesta de campa\u00f1a Lanzamiento y [&hellip;]<\/p>\n","protected":false},"featured_media":1363,"comment_status":"open","ping_status":"closed","template":"","meta":{"iawp_total_views":7},"product_brand":[],"product_cat":[30],"product_tag":[],"class_list":{"0":"post-1084","1":"product","2":"type-product","3":"status-publish","4":"has-post-thumbnail","6":"product_cat-campanas","8":"first","9":"instock","10":"virtual","11":"purchasable","12":"product-type-simple"},"_links":{"self":[{"href":"https:\/\/geomarketingalliances.com\/en\/wp-json\/wp\/v2\/product\/1084","targetHints":{"allow":["GET"]}}],"collection":[{"href":"https:\/\/geomarketingalliances.com\/en\/wp-json\/wp\/v2\/product"}],"about":[{"href":"https:\/\/geomarketingalliances.com\/en\/wp-json\/wp\/v2\/types\/product"}],"replies":[{"embeddable":true,"href":"https:\/\/geomarketingalliances.com\/en\/wp-json\/wp\/v2\/comments?post=1084"}],"version-history":[{"count":2,"href":"https:\/\/geomarketingalliances.com\/en\/wp-json\/wp\/v2\/product\/1084\/revisions"}],"predecessor-version":[{"id":1388,"href":"https:\/\/geomarketingalliances.com\/en\/wp-json\/wp\/v2\/product\/1084\/revisions\/1388"}],"wp:featuredmedia":[{"embeddable":true,"href":"https:\/\/geomarketingalliances.com\/en\/wp-json\/wp\/v2\/media\/1363"}],"wp:attachment":[{"href":"https:\/\/geomarketingalliances.com\/en\/wp-json\/wp\/v2\/media?parent=1084"}],"wp:term":[{"taxonomy":"product_brand","embeddable":true,"href":"https:\/\/geomarketingalliances.com\/en\/wp-json\/wp\/v2\/product_brand?post=1084"},{"taxonomy":"product_cat","embeddable":true,"href":"https:\/\/geomarketingalliances.com\/en\/wp-json\/wp\/v2\/product_cat?post=1084"},{"taxonomy":"product_tag","embeddable":true,"href":"https:\/\/geomarketingalliances.com\/en\/wp-json\/wp\/v2\/product_tag?post=1084"}],"curies":[{"name":"wp","href":"https:\/\/api.w.org\/{rel}","templated":true}]}}