{"id":1083,"date":"2025-05-30T14:17:26","date_gmt":"2025-05-30T20:17:26","guid":{"rendered":"https:\/\/geomarketingalliances.com\/?post_type=product&#038;p=1083"},"modified":"2025-07-23T13:45:07","modified_gmt":"2025-07-23T19:45:07","slug":"google-search","status":"publish","type":"product","link":"https:\/\/geomarketingalliances.com\/en\/product\/google-search\/","title":{"rendered":"Google Search"},"content":{"rendered":"<p>Do you have a secure website and want to drive more people to it?<br \/>\nPosition yourself within the first search results. Reach customers interested in your product or service with text ads.<\/p>\n<p>Initial analysis<\/p>\n<ul>\n<li>\u00a0Keyword search and selection<\/li>\n<li>\u00a0Segmentation of a target market<\/li>\n<li>Campaign Proposal Form<\/li>\n<li>Campaign launch and monitoring<\/li>\n<li>Maximum duration of 30 days<\/li>\n<li>One Agent assigned<\/li>\n<li>Report of results<\/li>\n<li>Campaign investment not included<\/li>\n<\/ul>","protected":false},"excerpt":{"rendered":"<p>\u00bfTienes un sitio web seguro y quieres llevar m\u00e1s personas a \u00e9l? Posici\u00f3nate dentro de los primeros resultados de b\u00fasqueda. Llega a clientes interesados en tu producto o servicio con anuncios de texto. An\u00e1lisis inicial \u00a0B\u00fasqueda y selecci\u00f3n de palabras clave \u00a0Segmentaci\u00f3n de un mercado objetivo Formato de propuesta de campa\u00f1a Lanzamiento y monitoreo de [&hellip;]<\/p>\n","protected":false},"featured_media":1373,"comment_status":"open","ping_status":"closed","template":"","meta":{"iawp_total_views":8},"product_brand":[],"product_cat":[30],"product_tag":[],"class_list":{"0":"post-1083","1":"product","2":"type-product","3":"status-publish","4":"has-post-thumbnail","6":"product_cat-campanas","8":"first","9":"instock","10":"virtual","11":"purchasable","12":"product-type-simple"},"_links":{"self":[{"href":"https:\/\/geomarketingalliances.com\/en\/wp-json\/wp\/v2\/product\/1083","targetHints":{"allow":["GET"]}}],"collection":[{"href":"https:\/\/geomarketingalliances.com\/en\/wp-json\/wp\/v2\/product"}],"about":[{"href":"https:\/\/geomarketingalliances.com\/en\/wp-json\/wp\/v2\/types\/product"}],"replies":[{"embeddable":true,"href":"https:\/\/geomarketingalliances.com\/en\/wp-json\/wp\/v2\/comments?post=1083"}],"version-history":[{"count":2,"href":"https:\/\/geomarketingalliances.com\/en\/wp-json\/wp\/v2\/product\/1083\/revisions"}],"predecessor-version":[{"id":1387,"href":"https:\/\/geomarketingalliances.com\/en\/wp-json\/wp\/v2\/product\/1083\/revisions\/1387"}],"wp:featuredmedia":[{"embeddable":true,"href":"https:\/\/geomarketingalliances.com\/en\/wp-json\/wp\/v2\/media\/1373"}],"wp:attachment":[{"href":"https:\/\/geomarketingalliances.com\/en\/wp-json\/wp\/v2\/media?parent=1083"}],"wp:term":[{"taxonomy":"product_brand","embeddable":true,"href":"https:\/\/geomarketingalliances.com\/en\/wp-json\/wp\/v2\/product_brand?post=1083"},{"taxonomy":"product_cat","embeddable":true,"href":"https:\/\/geomarketingalliances.com\/en\/wp-json\/wp\/v2\/product_cat?post=1083"},{"taxonomy":"product_tag","embeddable":true,"href":"https:\/\/geomarketingalliances.com\/en\/wp-json\/wp\/v2\/product_tag?post=1083"}],"curies":[{"name":"wp","href":"https:\/\/api.w.org\/{rel}","templated":true}]}}